{"id":2934,"date":"2021-02-12T14:13:45","date_gmt":"2021-02-12T13:13:45","guid":{"rendered":"https:\/\/trepak.se\/service-spare-parts\/service\/"},"modified":"2025-01-17T08:43:04","modified_gmt":"2025-01-17T07:43:04","slug":"service","status":"publish","type":"page","link":"https:\/\/trepak.se\/en\/service-spare-parts\/service\/","title":{"rendered":"Service"},"content":{"rendered":"<h1>Service for your filling lines<\/h1>\n<p>To us, it is not just about fixing what is broken. We perform preventative maintenance for many of our customers. To ensure the reliability of the machines we can offer yearly scheduled maintenance visits. Of course, we also provide emergency service and shipping of spare parts when the worst happens, all tailored to your needs and requirements.<\/p>\n<p>If you have a remotely connected machine we can also do updates and troubleshooting from home.<\/p>\n<p>Our service engineers also have the ability to connect machines remotely to Trepak to access direct support from our design department when they are visiting you on-site.<\/p>\n<p>If you require telephone support you can reach us at +46 40 18 07 00.<\/p>\n<p>Curious to know more? Contact us here: <strong><a href=\"mailto:info@trepak.se\">info@trepak.se<\/a><\/strong><\/p>\n","protected":false},"excerpt":{"rendered":"<p>Service for your filling lines To us, it is not just about fixing what is broken. We perform preventative maintenance for many of our customers. To ensure the reliability of the machines we can offer yearly scheduled maintenance visits. Of &hellip; <a href=\"https:\/\/trepak.se\/en\/service-spare-parts\/service\/\">Continue reading <span class=\"meta-nav\">&rarr;<\/span><\/a><\/p>\n","protected":false},"author":13,"featured_media":2697,"parent":763,"menu_order":6,"comment_status":"closed","ping_status":"closed","template":"sub-page.php","meta":{"footnotes":""},"acf":[],"yoast_head":"<!-- This site is optimized with the Yoast SEO plugin v21.2 - https:\/\/yoast.com\/wordpress\/plugins\/seo\/ -->\n<title>Fyllningslinjer - Service, reservdelar och utbildningar<\/title>\n<meta name=\"description\" content=\"F\u00f6r att ytterligare garantera h\u00f6g driftstillg\u00e4nglighet erbjuder vi f\u00f6rm\u00e5nliga serviceavtal.\" \/>\n<meta name=\"robots\" content=\"index, follow, max-snippet:-1, max-image-preview:large, max-video-preview:-1\" \/>\n<link rel=\"canonical\" href=\"https:\/\/trepak.se\/en\/service-spare-parts\/service\/\" \/>\n<meta property=\"og:locale\" content=\"en_US\" \/>\n<meta property=\"og:type\" content=\"article\" \/>\n<meta property=\"og:title\" content=\"Fyllningslinjer - Service, reservdelar och utbildningar\" \/>\n<meta property=\"og:description\" content=\"F\u00f6r att ytterligare garantera h\u00f6g driftstillg\u00e4nglighet erbjuder vi f\u00f6rm\u00e5nliga serviceavtal.\" \/>\n<meta property=\"og:url\" content=\"https:\/\/trepak.se\/en\/service-spare-parts\/service\/\" \/>\n<meta property=\"og:site_name\" content=\"Trepak\" \/>\n<meta property=\"article:modified_time\" content=\"2025-01-17T07:43:04+00:00\" \/>\n<meta property=\"og:image\" content=\"https:\/\/trepak.se\/app\/uploads\/2021\/03\/service-service-trepak.png\" \/>\n\t<meta property=\"og:image:width\" content=\"230\" \/>\n\t<meta property=\"og:image:height\" content=\"230\" \/>\n\t<meta property=\"og:image:type\" content=\"image\/png\" \/>\n<meta name=\"twitter:label1\" content=\"Est. reading time\" \/>\n\t<meta name=\"twitter:data1\" content=\"1 minute\" \/>\n<script type=\"application\/ld+json\" class=\"yoast-schema-graph\">{\"@context\":\"https:\/\/schema.org\",\"@graph\":[{\"@type\":\"WebPage\",\"@id\":\"https:\/\/trepak.se\/en\/service-spare-parts\/service\/\",\"url\":\"https:\/\/trepak.se\/en\/service-spare-parts\/service\/\",\"name\":\"Fyllningslinjer - Service, reservdelar och utbildningar\",\"isPartOf\":{\"@id\":\"https:\/\/trepak.se\/#website\"},\"datePublished\":\"2021-02-12T13:13:45+00:00\",\"dateModified\":\"2025-01-17T07:43:04+00:00\",\"description\":\"F\u00f6r att ytterligare garantera h\u00f6g driftstillg\u00e4nglighet erbjuder vi f\u00f6rm\u00e5nliga serviceavtal.\",\"breadcrumb\":{\"@id\":\"https:\/\/trepak.se\/en\/service-spare-parts\/service\/#breadcrumb\"},\"inLanguage\":\"en-US\",\"potentialAction\":[{\"@type\":\"ReadAction\",\"target\":[\"https:\/\/trepak.se\/en\/service-spare-parts\/service\/\"]}]},{\"@type\":\"BreadcrumbList\",\"@id\":\"https:\/\/trepak.se\/en\/service-spare-parts\/service\/#breadcrumb\",\"itemListElement\":[{\"@type\":\"ListItem\",\"position\":1,\"name\":\"Service &#038; Spare Parts\",\"item\":\"https:\/\/trepak.se\/en\/service-spare-parts\/\"},{\"@type\":\"ListItem\",\"position\":2,\"name\":\"Service\"}]},{\"@type\":\"WebSite\",\"@id\":\"https:\/\/trepak.se\/#website\",\"url\":\"https:\/\/trepak.se\/\",\"name\":\"Trepak\",\"description\":\"Fyllningslinjer och fyllningsmaskiner f\u00f6r flytande produkter\",\"publisher\":{\"@id\":\"https:\/\/trepak.se\/#organization\"},\"potentialAction\":[{\"@type\":\"SearchAction\",\"target\":{\"@type\":\"EntryPoint\",\"urlTemplate\":\"https:\/\/trepak.se\/?s={search_term_string}\"},\"query-input\":\"required name=search_term_string\"}],\"inLanguage\":\"en-US\"},{\"@type\":\"Organization\",\"@id\":\"https:\/\/trepak.se\/#organization\",\"name\":\"Trepak International AB\",\"url\":\"https:\/\/trepak.se\/\",\"logo\":{\"@type\":\"ImageObject\",\"inLanguage\":\"en-US\",\"@id\":\"https:\/\/trepak.se\/#\/schema\/logo\/image\/\",\"url\":\"https:\/\/trepak.se\/app\/uploads\/2020\/09\/cropped-webbplatsikon-trepak.png\",\"contentUrl\":\"https:\/\/trepak.se\/app\/uploads\/2020\/09\/cropped-webbplatsikon-trepak.png\",\"width\":512,\"height\":512,\"caption\":\"Trepak International AB\"},\"image\":{\"@id\":\"https:\/\/trepak.se\/#\/schema\/logo\/image\/\"}}]}<\/script>\n<!-- \/ Yoast SEO plugin. -->","yoast_head_json":{"title":"Fyllningslinjer - Service, reservdelar och utbildningar","description":"F\u00f6r att ytterligare garantera h\u00f6g driftstillg\u00e4nglighet erbjuder vi f\u00f6rm\u00e5nliga serviceavtal.","robots":{"index":"index","follow":"follow","max-snippet":"max-snippet:-1","max-image-preview":"max-image-preview:large","max-video-preview":"max-video-preview:-1"},"canonical":"https:\/\/trepak.se\/en\/service-spare-parts\/service\/","og_locale":"en_US","og_type":"article","og_title":"Fyllningslinjer - Service, reservdelar och utbildningar","og_description":"F\u00f6r att ytterligare garantera h\u00f6g driftstillg\u00e4nglighet erbjuder vi f\u00f6rm\u00e5nliga serviceavtal.","og_url":"https:\/\/trepak.se\/en\/service-spare-parts\/service\/","og_site_name":"Trepak","article_modified_time":"2025-01-17T07:43:04+00:00","og_image":[{"width":230,"height":230,"url":"https:\/\/trepak.se\/app\/uploads\/2021\/03\/service-service-trepak.png","type":"image\/png"}],"twitter_misc":{"Est. reading time":"1 minute"},"schema":{"@context":"https:\/\/schema.org","@graph":[{"@type":"WebPage","@id":"https:\/\/trepak.se\/en\/service-spare-parts\/service\/","url":"https:\/\/trepak.se\/en\/service-spare-parts\/service\/","name":"Fyllningslinjer - Service, reservdelar och utbildningar","isPartOf":{"@id":"https:\/\/trepak.se\/#website"},"datePublished":"2021-02-12T13:13:45+00:00","dateModified":"2025-01-17T07:43:04+00:00","description":"F\u00f6r att ytterligare garantera h\u00f6g driftstillg\u00e4nglighet erbjuder vi f\u00f6rm\u00e5nliga serviceavtal.","breadcrumb":{"@id":"https:\/\/trepak.se\/en\/service-spare-parts\/service\/#breadcrumb"},"inLanguage":"en-US","potentialAction":[{"@type":"ReadAction","target":["https:\/\/trepak.se\/en\/service-spare-parts\/service\/"]}]},{"@type":"BreadcrumbList","@id":"https:\/\/trepak.se\/en\/service-spare-parts\/service\/#breadcrumb","itemListElement":[{"@type":"ListItem","position":1,"name":"Service &#038; Spare Parts","item":"https:\/\/trepak.se\/en\/service-spare-parts\/"},{"@type":"ListItem","position":2,"name":"Service"}]},{"@type":"WebSite","@id":"https:\/\/trepak.se\/#website","url":"https:\/\/trepak.se\/","name":"Trepak","description":"Fyllningslinjer och fyllningsmaskiner f\u00f6r flytande produkter","publisher":{"@id":"https:\/\/trepak.se\/#organization"},"potentialAction":[{"@type":"SearchAction","target":{"@type":"EntryPoint","urlTemplate":"https:\/\/trepak.se\/?s={search_term_string}"},"query-input":"required name=search_term_string"}],"inLanguage":"en-US"},{"@type":"Organization","@id":"https:\/\/trepak.se\/#organization","name":"Trepak International AB","url":"https:\/\/trepak.se\/","logo":{"@type":"ImageObject","inLanguage":"en-US","@id":"https:\/\/trepak.se\/#\/schema\/logo\/image\/","url":"https:\/\/trepak.se\/app\/uploads\/2020\/09\/cropped-webbplatsikon-trepak.png","contentUrl":"https:\/\/trepak.se\/app\/uploads\/2020\/09\/cropped-webbplatsikon-trepak.png","width":512,"height":512,"caption":"Trepak International AB"},"image":{"@id":"https:\/\/trepak.se\/#\/schema\/logo\/image\/"}}]}},"_links":{"self":[{"href":"https:\/\/trepak.se\/en\/wp-json\/wp\/v2\/pages\/2934"}],"collection":[{"href":"https:\/\/trepak.se\/en\/wp-json\/wp\/v2\/pages"}],"about":[{"href":"https:\/\/trepak.se\/en\/wp-json\/wp\/v2\/types\/page"}],"author":[{"embeddable":true,"href":"https:\/\/trepak.se\/en\/wp-json\/wp\/v2\/users\/13"}],"replies":[{"embeddable":true,"href":"https:\/\/trepak.se\/en\/wp-json\/wp\/v2\/comments?post=2934"}],"version-history":[{"count":18,"href":"https:\/\/trepak.se\/en\/wp-json\/wp\/v2\/pages\/2934\/revisions"}],"predecessor-version":[{"id":7049,"href":"https:\/\/trepak.se\/en\/wp-json\/wp\/v2\/pages\/2934\/revisions\/7049"}],"up":[{"embeddable":true,"href":"https:\/\/trepak.se\/en\/wp-json\/wp\/v2\/pages\/763"}],"wp:featuredmedia":[{"embeddable":true,"href":"https:\/\/trepak.se\/en\/wp-json\/wp\/v2\/media\/2697"}],"wp:attachment":[{"href":"https:\/\/trepak.se\/en\/wp-json\/wp\/v2\/media?parent=2934"}],"curies":[{"name":"wp","href":"https:\/\/api.w.org\/{rel}","templated":true}]}}