{"id":5694,"date":"2023-10-09T15:51:48","date_gmt":"2023-10-09T14:51:48","guid":{"rendered":"https:\/\/trepak.se\/?page_id=5694"},"modified":"2024-09-16T15:44:07","modified_gmt":"2024-09-16T14:44:07","slug":"majonnasfabriken-skane-finkost","status":"publish","type":"page","link":"https:\/\/trepak.se\/en\/projects\/majonnasfabriken-skane-finkost\/","title":{"rendered":"Majonn\u00e4sfabriken Sk\u00e5ne Finkost"},"content":{"rendered":"<h1>Majonn\u00e4sfabriken Sk\u00e5ne Finkost<\/h1>\n<p>Trepak has delivered a used Fillpak machine to <a href=\"https:\/\/majonnasfabriken.se\/\">Majonn\u00e4sfabriken Sk\u00e5ne Finkost<\/a> in Partille.<\/p>\n<p>The customer needed a more economical line that could be delivered quickly in connection with the launch of a new product range. Trepak had the possibility to adapt an older machine to the customer&#8217;s new range in a short time. The machine was reviewed before delivery and has also been tested with good results.<\/p>\n<p>Majonn\u00e4sfabriken was very satisfied that Trepak was able to meet their desired delivery time, which due to external factors that appeared during the course of the project turned out to be very short.<\/p>\n<p>In the end, everything ended well. With the help of short decision-making processes at both Trepak and Majonn\u00e4sfabriken, the machine could be delivered and put into operation on time.<\/p>\n","protected":false},"excerpt":{"rendered":"<p>Majonn\u00e4sfabriken Sk\u00e5ne Finkost Trepak has delivered a used Fillpak machine to Majonn\u00e4sfabriken Sk\u00e5ne Finkost in Partille. The customer needed a more economical line that could be delivered quickly in connection with the launch of a new product range. Trepak had &hellip; <a href=\"https:\/\/trepak.se\/en\/projects\/majonnasfabriken-skane-finkost\/\">Continue reading <span class=\"meta-nav\">&rarr;<\/span><\/a><\/p>\n","protected":false},"author":13,"featured_media":5689,"parent":736,"menu_order":6,"comment_status":"closed","ping_status":"closed","template":"sub-page.php","meta":{"footnotes":""},"acf":[],"yoast_head":"<!-- This site is optimized with the Yoast SEO plugin v21.2 - https:\/\/yoast.com\/wordpress\/plugins\/seo\/ -->\n<title>Majonn\u00e4sfabriken Sk\u00e5ne Finkost - Trepak<\/title>\n<meta name=\"description\" content=\"Majonn\u00e4sfabriken Sk\u00e5ne Finkost Trepak has delivered a used Fillpak machine to Majonn\u00e4sfabriken Sk\u00e5ne Finkost in Partille. The customer needed a more\" \/>\n<meta name=\"robots\" content=\"index, follow, max-snippet:-1, max-image-preview:large, max-video-preview:-1\" \/>\n<link rel=\"canonical\" href=\"https:\/\/trepak.se\/en\/projects\/majonnasfabriken-skane-finkost\/\" \/>\n<meta property=\"og:locale\" content=\"en_US\" \/>\n<meta property=\"og:type\" content=\"article\" \/>\n<meta property=\"og:title\" content=\"Majonn\u00e4sfabriken Sk\u00e5ne Finkost - Trepak\" \/>\n<meta property=\"og:description\" content=\"Majonn\u00e4sfabriken Sk\u00e5ne Finkost Trepak has delivered a used Fillpak machine to Majonn\u00e4sfabriken Sk\u00e5ne Finkost in Partille. The customer needed a more\" \/>\n<meta property=\"og:url\" content=\"https:\/\/trepak.se\/en\/projects\/majonnasfabriken-skane-finkost\/\" \/>\n<meta property=\"og:site_name\" content=\"Trepak\" \/>\n<meta property=\"article:modified_time\" content=\"2024-09-16T14:44:07+00:00\" \/>\n<meta property=\"og:image\" content=\"https:\/\/trepak.se\/app\/uploads\/2023\/10\/majonnasfabriken-pos16.jpg\" \/>\n\t<meta property=\"og:image:width\" content=\"500\" \/>\n\t<meta property=\"og:image:height\" content=\"200\" \/>\n\t<meta property=\"og:image:type\" content=\"image\/jpeg\" \/>\n<meta name=\"twitter:label1\" content=\"Est. reading time\" \/>\n\t<meta name=\"twitter:data1\" content=\"1 minute\" \/>\n<script type=\"application\/ld+json\" class=\"yoast-schema-graph\">{\"@context\":\"https:\/\/schema.org\",\"@graph\":[{\"@type\":\"WebPage\",\"@id\":\"https:\/\/trepak.se\/en\/projects\/majonnasfabriken-skane-finkost\/\",\"url\":\"https:\/\/trepak.se\/en\/projects\/majonnasfabriken-skane-finkost\/\",\"name\":\"Majonn\u00e4sfabriken Sk\u00e5ne Finkost - Trepak\",\"isPartOf\":{\"@id\":\"https:\/\/trepak.se\/#website\"},\"datePublished\":\"2023-10-09T14:51:48+00:00\",\"dateModified\":\"2024-09-16T14:44:07+00:00\",\"description\":\"Majonn\u00e4sfabriken Sk\u00e5ne Finkost Trepak has delivered a used Fillpak machine to Majonn\u00e4sfabriken Sk\u00e5ne Finkost in Partille. The customer needed a more\",\"breadcrumb\":{\"@id\":\"https:\/\/trepak.se\/en\/projects\/majonnasfabriken-skane-finkost\/#breadcrumb\"},\"inLanguage\":\"en-US\",\"potentialAction\":[{\"@type\":\"ReadAction\",\"target\":[\"https:\/\/trepak.se\/en\/projects\/majonnasfabriken-skane-finkost\/\"]}]},{\"@type\":\"BreadcrumbList\",\"@id\":\"https:\/\/trepak.se\/en\/projects\/majonnasfabriken-skane-finkost\/#breadcrumb\",\"itemListElement\":[{\"@type\":\"ListItem\",\"position\":1,\"name\":\"Customer Cases\",\"item\":\"https:\/\/trepak.se\/en\/projects\/\"},{\"@type\":\"ListItem\",\"position\":2,\"name\":\"Majonn\u00e4sfabriken Sk\u00e5ne Finkost\"}]},{\"@type\":\"WebSite\",\"@id\":\"https:\/\/trepak.se\/#website\",\"url\":\"https:\/\/trepak.se\/\",\"name\":\"Trepak\",\"description\":\"Fyllningslinjer och fyllningsmaskiner f\u00f6r flytande produkter\",\"publisher\":{\"@id\":\"https:\/\/trepak.se\/#organization\"},\"potentialAction\":[{\"@type\":\"SearchAction\",\"target\":{\"@type\":\"EntryPoint\",\"urlTemplate\":\"https:\/\/trepak.se\/?s={search_term_string}\"},\"query-input\":\"required name=search_term_string\"}],\"inLanguage\":\"en-US\"},{\"@type\":\"Organization\",\"@id\":\"https:\/\/trepak.se\/#organization\",\"name\":\"Trepak International AB\",\"url\":\"https:\/\/trepak.se\/\",\"logo\":{\"@type\":\"ImageObject\",\"inLanguage\":\"en-US\",\"@id\":\"https:\/\/trepak.se\/#\/schema\/logo\/image\/\",\"url\":\"https:\/\/trepak.se\/app\/uploads\/2020\/09\/cropped-webbplatsikon-trepak.png\",\"contentUrl\":\"https:\/\/trepak.se\/app\/uploads\/2020\/09\/cropped-webbplatsikon-trepak.png\",\"width\":512,\"height\":512,\"caption\":\"Trepak International AB\"},\"image\":{\"@id\":\"https:\/\/trepak.se\/#\/schema\/logo\/image\/\"}}]}<\/script>\n<!-- \/ Yoast SEO plugin. -->","yoast_head_json":{"title":"Majonn\u00e4sfabriken Sk\u00e5ne Finkost - Trepak","description":"Majonn\u00e4sfabriken Sk\u00e5ne Finkost Trepak has delivered a used Fillpak machine to Majonn\u00e4sfabriken Sk\u00e5ne Finkost in Partille. The customer needed a more","robots":{"index":"index","follow":"follow","max-snippet":"max-snippet:-1","max-image-preview":"max-image-preview:large","max-video-preview":"max-video-preview:-1"},"canonical":"https:\/\/trepak.se\/en\/projects\/majonnasfabriken-skane-finkost\/","og_locale":"en_US","og_type":"article","og_title":"Majonn\u00e4sfabriken Sk\u00e5ne Finkost - Trepak","og_description":"Majonn\u00e4sfabriken Sk\u00e5ne Finkost Trepak has delivered a used Fillpak machine to Majonn\u00e4sfabriken Sk\u00e5ne Finkost in Partille. The customer needed a more","og_url":"https:\/\/trepak.se\/en\/projects\/majonnasfabriken-skane-finkost\/","og_site_name":"Trepak","article_modified_time":"2024-09-16T14:44:07+00:00","og_image":[{"width":500,"height":200,"url":"https:\/\/trepak.se\/app\/uploads\/2023\/10\/majonnasfabriken-pos16.jpg","type":"image\/jpeg"}],"twitter_misc":{"Est. reading time":"1 minute"},"schema":{"@context":"https:\/\/schema.org","@graph":[{"@type":"WebPage","@id":"https:\/\/trepak.se\/en\/projects\/majonnasfabriken-skane-finkost\/","url":"https:\/\/trepak.se\/en\/projects\/majonnasfabriken-skane-finkost\/","name":"Majonn\u00e4sfabriken Sk\u00e5ne Finkost - Trepak","isPartOf":{"@id":"https:\/\/trepak.se\/#website"},"datePublished":"2023-10-09T14:51:48+00:00","dateModified":"2024-09-16T14:44:07+00:00","description":"Majonn\u00e4sfabriken Sk\u00e5ne Finkost Trepak has delivered a used Fillpak machine to Majonn\u00e4sfabriken Sk\u00e5ne Finkost in Partille. The customer needed a more","breadcrumb":{"@id":"https:\/\/trepak.se\/en\/projects\/majonnasfabriken-skane-finkost\/#breadcrumb"},"inLanguage":"en-US","potentialAction":[{"@type":"ReadAction","target":["https:\/\/trepak.se\/en\/projects\/majonnasfabriken-skane-finkost\/"]}]},{"@type":"BreadcrumbList","@id":"https:\/\/trepak.se\/en\/projects\/majonnasfabriken-skane-finkost\/#breadcrumb","itemListElement":[{"@type":"ListItem","position":1,"name":"Customer Cases","item":"https:\/\/trepak.se\/en\/projects\/"},{"@type":"ListItem","position":2,"name":"Majonn\u00e4sfabriken Sk\u00e5ne Finkost"}]},{"@type":"WebSite","@id":"https:\/\/trepak.se\/#website","url":"https:\/\/trepak.se\/","name":"Trepak","description":"Fyllningslinjer och fyllningsmaskiner f\u00f6r flytande produkter","publisher":{"@id":"https:\/\/trepak.se\/#organization"},"potentialAction":[{"@type":"SearchAction","target":{"@type":"EntryPoint","urlTemplate":"https:\/\/trepak.se\/?s={search_term_string}"},"query-input":"required name=search_term_string"}],"inLanguage":"en-US"},{"@type":"Organization","@id":"https:\/\/trepak.se\/#organization","name":"Trepak International AB","url":"https:\/\/trepak.se\/","logo":{"@type":"ImageObject","inLanguage":"en-US","@id":"https:\/\/trepak.se\/#\/schema\/logo\/image\/","url":"https:\/\/trepak.se\/app\/uploads\/2020\/09\/cropped-webbplatsikon-trepak.png","contentUrl":"https:\/\/trepak.se\/app\/uploads\/2020\/09\/cropped-webbplatsikon-trepak.png","width":512,"height":512,"caption":"Trepak International AB"},"image":{"@id":"https:\/\/trepak.se\/#\/schema\/logo\/image\/"}}]}},"_links":{"self":[{"href":"https:\/\/trepak.se\/en\/wp-json\/wp\/v2\/pages\/5694"}],"collection":[{"href":"https:\/\/trepak.se\/en\/wp-json\/wp\/v2\/pages"}],"about":[{"href":"https:\/\/trepak.se\/en\/wp-json\/wp\/v2\/types\/page"}],"author":[{"embeddable":true,"href":"https:\/\/trepak.se\/en\/wp-json\/wp\/v2\/users\/13"}],"replies":[{"embeddable":true,"href":"https:\/\/trepak.se\/en\/wp-json\/wp\/v2\/comments?post=5694"}],"version-history":[{"count":9,"href":"https:\/\/trepak.se\/en\/wp-json\/wp\/v2\/pages\/5694\/revisions"}],"predecessor-version":[{"id":6657,"href":"https:\/\/trepak.se\/en\/wp-json\/wp\/v2\/pages\/5694\/revisions\/6657"}],"up":[{"embeddable":true,"href":"https:\/\/trepak.se\/en\/wp-json\/wp\/v2\/pages\/736"}],"wp:featuredmedia":[{"embeddable":true,"href":"https:\/\/trepak.se\/en\/wp-json\/wp\/v2\/media\/5689"}],"wp:attachment":[{"href":"https:\/\/trepak.se\/en\/wp-json\/wp\/v2\/media?parent=5694"}],"curies":[{"name":"wp","href":"https:\/\/api.w.org\/{rel}","templated":true}]}}